{"id":746,"date":"2018-12-11T08:01:52","date_gmt":"2018-12-11T08:01:52","guid":{"rendered":"https:\/\/demo.casethemes.net\/timan\/?page_id=25"},"modified":"2022-01-17T13:22:00","modified_gmt":"2022-01-17T16:22:00","slug":"home-2","status":"publish","type":"page","link":"https:\/\/ricardoceppo.com.br\/","title":{"rendered":"In\u00edcio"},"content":{"rendered":"<p>[vc_row][vc_column offset=&#8221;vc_col-xs-12&#8243;]\n\t\t\t<!-- START Home 2 REVOLUTION SLIDER 6.5.6 --><p class=\"rs-p-wp-fix\"><\/p>\n\t\t\t<rs-module-wrap id=\"rev_slider_1_1_wrapper\" data-source=\"gallery\" style=\"visibility:hidden;background:transparent;padding:0;margin:0px auto;margin-top:0;margin-bottom:0;\">\n\t\t\t\t<rs-module id=\"rev_slider_1_1\" style=\"\" data-version=\"6.5.6\">\n\t\t\t\t\t<rs-slides>\n\t\t\t\t\t\t<rs-slide style=\"position: absolute;\" data-key=\"rs-5\" data-title=\"Slide\" data-in=\"o:0;\" data-out=\"a:false;\">\n\t\t\t\t\t\t\t<img loading=\"lazy\" decoding=\"async\" src=\"\/\/ricardoceppo.com.br\/wp-content\/plugins\/revslider\/public\/assets\/assets\/dummy.png\" title=\"slide_ricardo_ceppo_odontologia_01\" width=\"1920\" height=\"800\" class=\"rev-slidebg tp-rs-img rs-lazyload\" data-lazyload=\"\/\/ricardoceppo.com.br\/wp-content\/uploads\/2022\/01\/slide_ricardo_ceppo_odontologia_01.png\" data-parallax=\"off\" data-no-retina>\n<!---->\t\t\t\t\t\t<\/rs-slide>\n\t\t\t\t\t\t<rs-slide style=\"position: absolute;\" data-key=\"rs-6\" data-title=\"Slide\" data-in=\"o:0;\" data-out=\"a:false;\">\n\t\t\t\t\t\t\t<img loading=\"lazy\" decoding=\"async\" src=\"\/\/ricardoceppo.com.br\/wp-content\/plugins\/revslider\/public\/assets\/assets\/dummy.png\" title=\"slide_ricardo_ceppo_odontologia_02\" width=\"1920\" height=\"800\" class=\"rev-slidebg tp-rs-img rs-lazyload\" data-lazyload=\"\/\/ricardoceppo.com.br\/wp-content\/uploads\/2022\/01\/slide_ricardo_ceppo_odontologia_02.png\" data-parallax=\"off\" data-no-retina>\n<!---->\t\t\t\t\t\t<\/rs-slide>\n\t\t\t\t\t\t<rs-slide style=\"position: absolute;\" data-key=\"rs-7\" data-title=\"Slide\" data-in=\"o:0;\" data-out=\"a:false;\">\n\t\t\t\t\t\t\t<img loading=\"lazy\" decoding=\"async\" src=\"\/\/ricardoceppo.com.br\/wp-content\/plugins\/revslider\/public\/assets\/assets\/dummy.png\" title=\"slide_ricardo_ceppo_odontologia_03\" width=\"1920\" height=\"800\" class=\"rev-slidebg tp-rs-img rs-lazyload\" data-lazyload=\"\/\/ricardoceppo.com.br\/wp-content\/uploads\/2022\/01\/slide_ricardo_ceppo_odontologia_03.png\" data-parallax=\"off\" data-no-retina>\n<!---->\t\t\t\t\t\t<\/rs-slide>\n\t\t\t\t\t\t<rs-slide style=\"position: absolute;\" data-key=\"rs-8\" data-title=\"Slide\" data-in=\"o:0;\" data-out=\"a:false;\">\n\t\t\t\t\t\t\t<img loading=\"lazy\" decoding=\"async\" src=\"\/\/ricardoceppo.com.br\/wp-content\/plugins\/revslider\/public\/assets\/assets\/dummy.png\" title=\"slide_ricardo_ceppo_odontologia_04\" width=\"1920\" height=\"800\" class=\"rev-slidebg tp-rs-img rs-lazyload\" data-lazyload=\"\/\/ricardoceppo.com.br\/wp-content\/uploads\/2022\/01\/slide_ricardo_ceppo_odontologia_04.png\" data-parallax=\"off\" data-no-retina>\n<!---->\t\t\t\t\t\t<\/rs-slide>\n\t\t\t\t\t<\/rs-slides>\n\t\t\t\t<\/rs-module>\n\t\t\t\t<script type=\"text\/javascript\">\n\t\t\t\t\tsetREVStartSize({c: 'rev_slider_1_1',rl:[1240,1024,778,480],el:[800,800,800,494],gw:[1200,1024,777,500],gh:[800,700,400,400],type:'standard',justify:'',layout:'fullwidth',mh:\"0\"});if (window.RS_MODULES!==undefined && window.RS_MODULES.modules!==undefined && window.RS_MODULES.modules[\"revslider11\"]!==undefined) {window.RS_MODULES.modules[\"revslider11\"].once = false;window.revapi1 = undefined;if (window.RS_MODULES.checkMinimal!==undefined) window.RS_MODULES.checkMinimal()}\n\t\t\t\t<\/script>\n\t\t\t<\/rs-module-wrap>\n\t\t\t<!-- END REVOLUTION SLIDER -->\n[\/vc_column][\/vc_row][vc_row full_width=&#8221;stretch_row_content_no_spaces&#8221;][vc_column width=&#8221;1\/3&#8243;][ct_fancybox cms_template=&#8221;ct_fancybox&#8211;layout3.php&#8221; icon_list=&#8221;flaticon&#8221; title=&#8221;Ligue 61 99813-9397&#8243; description=&#8221;Agende seu hor\u00e1rio ou marque uma visita.&#8221; icon_flaticon=&#8221;flaticon-call&#8221;][\/ct_fancybox][\/vc_column][vc_column width=&#8221;1\/3&#8243;][ct_fancybox cms_template=&#8221;ct_fancybox&#8211;layout3.php&#8221; box_bg_color=&#8221;#b59779&#8243; icon_list=&#8221;flaticon&#8221; title=&#8221;Aberto&#8221; description=&#8221;De segunda a sexta, das 8h \u00e0s 18h&#8221; icon_flaticon=&#8221;flaticon-clock&#8221;][\/ct_fancybox][\/vc_column][vc_column width=&#8221;1\/3&#8243;][ct_fancybox cms_template=&#8221;ct_fancybox&#8211;layout3.php&#8221; item_link=&#8221;url:https%3A%2F%2Fapi.whatsapp.com%2Fsend%3Fphone%3D%2B556198139397|target:_blank&#8221; icon_list=&#8221;flaticon&#8221; title=&#8221;Atendimento pelo Whatsapp&#8221; description=&#8221;Informa\u00e7\u00f5es e marca\u00e7\u00e3o de consultas&#8221; icon_flaticon=&#8221;flaticon-whatsapp&#8221;][\/ct_fancybox][\/vc_column][\/vc_row]<\/p>\n","protected":false},"excerpt":{"rendered":"<p>[vc_row][vc_column offset=&#8221;vc_col-xs-12&#8243;][\/vc_column][\/vc_row][vc_row full_width=&#8221;stretch_row_content_no_spaces&#8221;][vc_column width=&#8221;1\/3&#8243;][ct_fancybox cms_template=&#8221;ct_fancybox&#8211;layout3.php&#8221; icon_list=&#8221;flaticon&#8221; title=&#8221;Ligue 61 99813-9397&#8243; description=&#8221;Agende seu hor\u00e1rio ou marque uma visita.&#8221; icon_flaticon=&#8221;flaticon-call&#8221;][\/ct_fancybox][\/vc_column][vc_column width=&#8221;1\/3&#8243;][ct_fancybox cms_template=&#8221;ct_fancybox&#8211;layout3.php&#8221; box_bg_color=&#8221;#b59779&#8243; icon_list=&#8221;flaticon&#8221; title=&#8221;Aberto&#8221; description=&#8221;De segunda a sexta, das 8h \u00e0s 18h&#8221; icon_flaticon=&#8221;flaticon-clock&#8221;][\/ct_fancybox][\/vc_column][vc_column width=&#8221;1\/3&#8243;][ct_fancybox cms_template=&#8221;ct_fancybox&#8211;layout3.php&#8221; item_link=&#8221;url:https%3A%2F%2Fapi.whatsapp.com%2Fsend%3Fphone%3D%2B556198139397|target:_blank&#8221; icon_list=&#8221;flaticon&#8221; title=&#8221;Atendimento pelo Whatsapp&#8221; description=&#8221;Informa\u00e7\u00f5es e marca\u00e7\u00e3o de consultas&#8221; icon_flaticon=&#8221;flaticon-whatsapp&#8221;][\/ct_fancybox][\/vc_column][\/vc_row]<\/p>\n","protected":false},"author":1,"featured_media":0,"parent":0,"menu_order":0,"comment_status":"closed","ping_status":"closed","template":"","meta":{"om_disable_all_campaigns":false,"_monsterinsights_skip_tracking":false,"_monsterinsights_sitenote_active":false,"_monsterinsights_sitenote_note":"","_monsterinsights_sitenote_category":0,"footnotes":""},"class_list":["post-746","page","type-page","status-publish","hentry"],"_links":{"self":[{"href":"https:\/\/ricardoceppo.com.br\/index.php?rest_route=\/wp\/v2\/pages\/746","targetHints":{"allow":["GET"]}}],"collection":[{"href":"https:\/\/ricardoceppo.com.br\/index.php?rest_route=\/wp\/v2\/pages"}],"about":[{"href":"https:\/\/ricardoceppo.com.br\/index.php?rest_route=\/wp\/v2\/types\/page"}],"author":[{"embeddable":true,"href":"https:\/\/ricardoceppo.com.br\/index.php?rest_route=\/wp\/v2\/users\/1"}],"replies":[{"embeddable":true,"href":"https:\/\/ricardoceppo.com.br\/index.php?rest_route=%2Fwp%2Fv2%2Fcomments&post=746"}],"version-history":[{"count":25,"href":"https:\/\/ricardoceppo.com.br\/index.php?rest_route=\/wp\/v2\/pages\/746\/revisions"}],"predecessor-version":[{"id":892,"href":"https:\/\/ricardoceppo.com.br\/index.php?rest_route=\/wp\/v2\/pages\/746\/revisions\/892"}],"wp:attachment":[{"href":"https:\/\/ricardoceppo.com.br\/index.php?rest_route=%2Fwp%2Fv2%2Fmedia&parent=746"}],"curies":[{"name":"wp","href":"https:\/\/api.w.org\/{rel}","templated":true}]}}